{"id":4495,"date":"2021-07-07T22:10:44","date_gmt":"2021-07-07T20:10:44","guid":{"rendered":"https:\/\/procirque.ch\/?page_id=4495"},"modified":"2025-08-14T17:17:04","modified_gmt":"2025-08-14T15:17:04","slug":"la-nuit-du-cirque-ch","status":"publish","type":"page","link":"https:\/\/procirque.ch\/it\/progetti\/la-nuit-du-cirque-ch\/","title":{"rendered":"La Nuit du Cirque &#8211; CH"},"content":{"rendered":"<div class=\"kvgmc6g5 cxmmr5t8 oygrvhab hcukyx3x c1et5uql ii04i59q\">\n<div dir=\"auto\">\n<p><img loading=\"lazy\" decoding=\"async\" class=\"alignnone wp-image-5172 \" src=\"https:\/\/procirque.ch\/wp-content\/uploads\/2022\/09\/NUIT-DU-CIRQUE-LOGO-NOIR.png\" alt=\"\" width=\"530\" height=\"530\" srcset=\"https:\/\/procirque.ch\/wp-content\/uploads\/2022\/09\/NUIT-DU-CIRQUE-LOGO-NOIR.png 2363w, https:\/\/procirque.ch\/wp-content\/uploads\/2022\/09\/NUIT-DU-CIRQUE-LOGO-NOIR-300x300.png 300w, https:\/\/procirque.ch\/wp-content\/uploads\/2022\/09\/NUIT-DU-CIRQUE-LOGO-NOIR-1024x1024.png 1024w, https:\/\/procirque.ch\/wp-content\/uploads\/2022\/09\/NUIT-DU-CIRQUE-LOGO-NOIR-150x150.png 150w, https:\/\/procirque.ch\/wp-content\/uploads\/2022\/09\/NUIT-DU-CIRQUE-LOGO-NOIR-768x768.png 768w, https:\/\/procirque.ch\/wp-content\/uploads\/2022\/09\/NUIT-DU-CIRQUE-LOGO-NOIR-1536x1536.png 1536w, https:\/\/procirque.ch\/wp-content\/uploads\/2022\/09\/NUIT-DU-CIRQUE-LOGO-NOIR-2048x2048.png 2048w\" sizes=\"auto, (max-width: 530px) 100vw, 530px\" \/><\/p>\n<\/div>\n<div dir=\"auto\">\n<div class=\"o9v6fnle cxmmr5t8 oygrvhab hcukyx3x c1et5uql ii04i59q\">\n<div dir=\"auto\">\n<p>&#8220;La Nuit du Cirque&#8221;, letteralmente la notte del circo e un grande evento che celebra il circo in tutte le sue sfaccettature in tutta Europa e oltre. &#8220;La Nuit du Cirque&#8221; \u00e8 un momento sospeso nel cuore dell&#8217;autunno, federativo e festoso, per condividere insieme la vitalit\u00e0 e la diversit\u00e0 di questa forma d&#8217;arte decisamente popolare ed esigente, per sottolineare il suo impegno nelle lotte sociali e ambientali, la sua dimensione interculturale e intergenerazionale.<\/p>\n<p>&#8220;La Nuit du Cirque&#8221; \u00e8 una serie di spettacoli, performance, creazioni, laboratori, incontri, proiezioni di film e mostre, nei teatri, sotto un tendone, in strada &#8230;.. Nelle date fissate a livello internazionale:\u00a0 14-15-16 novembre 2025.<\/p>\n<p>&nbsp;<\/p>\n<p>Durante questa terza edizione svizzera della Nuit du Cirque, ogni struttura interessata a partecipare \u00e8 invitata ad annunciarsi al coordinamento nazionale (<a href=\"mailto:lanuitducirque@procirque.ch\">nuitducirque@procirque.ch<\/a>) e a programmare il circo contemporaneo nelle date indicate.<\/p>\n<\/div>\n<\/div>\n<\/div>\n<\/div>\n<div dir=\"auto\">\n<p>&nbsp;<\/p>\n<p><strong>PARTICIPANTI 2025<\/strong><\/p>\n<p>Station Circus, <strong>Basel <\/strong>| Circobello, <strong>La Chaux-De-Fonds, Neuch\u00e2tel | <\/strong>Variet\u00e9 Pav\u00e9, Das Glashaus, <b>R\u00fcssikon | <\/b>Le Spot, <strong>Sion <\/strong>| Circus Monti, <strong>Z\u00fcrich | <\/strong>Zirkusquartier, <strong>Z\u00fcrich\u00a0<\/strong><\/p>\n<p>&nbsp;<\/p>\n<p>Per maggiori informazioni: <a href=\"http:\/\/www.lanuitducirque.ch\">www.lanuitducirque.ch<\/a><\/p>\n<p>E scoprite il programma completo su <a href=\"http:\/\/www.lanuitducirque.com\">www.lanuitducirque.com<\/a><\/p>\n<\/div>\n<p>&nbsp;<\/p>\n<div dir=\"auto\"><\/div>\n","protected":false},"excerpt":{"rendered":"<div class=\"mh-excerpt\"><p>&#8220;La Nuit du Cirque&#8221;, letteralmente la notte del circo e un grande evento che celebra il circo in tutte le sue sfaccettature in tutta Europa e oltre. &#8220;La Nuit du Cirque&#8221; \u00e8 un momento sospeso <a class=\"mh-excerpt-more\" href=\"https:\/\/procirque.ch\/it\/progetti\/la-nuit-du-cirque-ch\/\" title=\"La Nuit du Cirque &#8211; CH\">[&#8230;]<\/a><\/p>\n<\/div>","protected":false},"author":6,"featured_media":0,"parent":2343,"menu_order":0,"comment_status":"closed","ping_status":"closed","template":"","meta":{"_mc_calendar":[],"footnotes":""},"class_list":["post-4495","page","type-page","status-publish"],"_links":{"self":[{"href":"https:\/\/procirque.ch\/it\/wp-json\/wp\/v2\/pages\/4495\/"}],"collection":[{"href":"https:\/\/procirque.ch\/it\/wp-json\/wp\/v2\/pages\/"}],"about":[{"href":"https:\/\/procirque.ch\/it\/wp-json\/wp\/v2\/types\/page\/"}],"author":[{"embeddable":true,"href":"https:\/\/procirque.ch\/it\/wp-json\/wp\/v2\/users\/6\/"}],"replies":[{"embeddable":true,"href":"https:\/\/procirque.ch\/it\/wp-json\/wp\/v2\/comments\/?post=4495"}],"version-history":[{"count":14,"href":"https:\/\/procirque.ch\/it\/wp-json\/wp\/v2\/pages\/4495\/revisions\/"}],"predecessor-version":[{"id":5959,"href":"https:\/\/procirque.ch\/it\/wp-json\/wp\/v2\/pages\/4495\/revisions\/5959\/"}],"up":[{"embeddable":true,"href":"https:\/\/procirque.ch\/it\/wp-json\/wp\/v2\/pages\/2343\/"}],"wp:attachment":[{"href":"https:\/\/procirque.ch\/it\/wp-json\/wp\/v2\/media\/?parent=4495"}],"curies":[{"name":"wp","href":"https:\/\/api.w.org\/{rel}","templated":true}]}}