{"id":2072,"date":"2017-03-10T08:42:09","date_gmt":"2017-03-10T07:42:09","guid":{"rendered":"https:\/\/www.procirque.ch\/?page_id=2072\/"},"modified":"2022-04-05T07:25:08","modified_gmt":"2022-04-05T05:25:08","slug":"faq","status":"publish","type":"page","link":"https:\/\/procirque.ch\/it\/membri\/faq\/","title":{"rendered":"FAQ \u2013\u00a0Domande pi\u00f9 frequenti"},"content":{"rendered":"<div class=\"su-service\"><div class=\"su-service-title\" style=\"padding-left:34px;min-height:20px;line-height:20px\"><i class=\"sui sui-users\" style=\"font-size:20px;color:#4b7f52\"><\/i> Cosa \u00e8 un'associazione professionale?<\/div><div class=\"su-service-content su-u-clearfix su-u-trim\" style=\"padding-left:34px\">Secondo il detto l&#8217;unione fa la forza, l&#8217;associazione professionale \u00e8 un organismo senza scopo lucrativo che riunisce degli individui della stessa professione per difendere gli interessi del mestiere e decidere assieme del futuro del settore.<\/div><\/div>\n<div class=\"su-service\"><div class=\"su-service-title\" style=\"padding-left:34px;min-height:20px;line-height:20px\"><i class=\"sui sui-question-circle\" style=\"font-size:20px;color:#4b7f52\"><\/i> E chi \u00e8 ProCirque pi\u00f9 precisamente?<\/div><div class=\"su-service-content su-u-clearfix su-u-trim\" style=\"padding-left:34px\">Creata nel 2013, ProCirque \u00e8 il raggruppamento svizzero dei professionisti del circo e riunisce tanto artisti come professionisti dell&#8217;ombra (regista, tecnico&#8230;)<\/div><\/div>\n<div class=\"su-service\"><div class=\"su-service-title\" style=\"padding-left:34px;min-height:20px;line-height:20px\"><i class=\"sui sui-comments\" style=\"font-size:20px;color:#4b7f52\"><\/i> Perch\u00e9 un dialogo politico \u00e8 indispensabile?<\/div><div class=\"su-service-content su-u-clearfix su-u-trim\" style=\"padding-left:34px\">Per la riconoscenza del nostro settore, e tra l&#8217;altro la possibilit\u00e0 di potere beneficiare dei sostegni alla creazione circense, \u00e8 indispensabile di fare legami di fiducia con le organizzazioni politiche e culturali del nostro paese. Essi, come l&#8217;OFC, desiderano dialogare con un solo partner privilegiato che rappresenta gli interessi di tutto un settore\u00a0; ProCirque riempie questa missione sin dalla sua creazione.<\/div><\/div>\n<div class=\"su-service\"><div class=\"su-service-title\" style=\"padding-left:34px;min-height:20px;line-height:20px\"><i class=\"sui sui-star\" style=\"font-size:20px;color:#4b7f52\"><\/i> Quale sono i miei vantaggi ad essere membro?<\/div><div class=\"su-service-content su-u-clearfix su-u-trim\" style=\"padding-left:34px\">Come membro, venite informati in priorit\u00e0 delle attualit\u00e0 circense svizzere e potete pubblicare gratuitamente le vostre informazioni nella nostra newsletter, pagina facebook o sito web. Di pi\u00f9, il repertorio delle arti del circo vi \u00e8 offerto. In qualit\u00e0 di membro, avete il diritto di voto a l&#8217;assemblea generale annuale e potete decidere del futuro dell&#8217;associazione. Infine, i membri attivi ottengono una carta di membro che dimostra la loro professionalit\u00e0 e da a volte diritto a deduzioni nei luoghi culturali (per biglietti di spettacolo ad esempio&#8230;).<\/div><\/div>\n<div class=\"su-service\"><div class=\"su-service-title\" style=\"padding-left:34px;min-height:20px;line-height:20px\"><i class=\"sui sui-money\" style=\"font-size:20px;color:#4b7f52\"><\/i> A cosa serve la quota associativa?<\/div><div class=\"su-service-content su-u-clearfix su-u-trim\" style=\"padding-left:34px\">Fissata volontariamente ad una somma accessibile a tutti (da 45.- per membri attivi, da 100.- per gli istituzionali), la quota permette all&#8217;associazione di raggiungere pi\u00f9 facilmente i suoi scopi e testimonia del ingaggio del membro.<\/div><\/div>\n<div class=\"su-service\"><div class=\"su-service-title\" style=\"padding-left:34px;min-height:20px;line-height:20px\"><i class=\"sui sui-user\" style=\"font-size:20px;color:#4b7f52\"><\/i> Chi sono gli altri membri?<\/div><div class=\"su-service-content su-u-clearfix su-u-trim\" style=\"padding-left:34px\">ProCirque conta pi\u00f9 di una centinaia di membri attivi, cio\u00e8 di professionisti riconosciuti nelle arti del circo, di una ventina di membri istituzionali (luoghi, organismi, associazioni) che hanno un interesse marcato nelle arti del circo. Si aggiungono ancora una decina di membri di sostegno che attraverso il loro dono regolare, incoraggiano le attivit\u00e0 dell&#8217;associazione.<\/div><\/div>\n<div class=\"su-service\"><div class=\"su-service-title\" style=\"padding-left:34px;min-height:20px;line-height:20px\"><i class=\"sui sui-gears\" style=\"font-size:20px;color:#4b7f52\"><\/i> L'assemblea generale: cosa \u00e8? Il comitato: chi \u00e8?<\/div><div class=\"su-service-content su-u-clearfix su-u-trim\" style=\"padding-left:34px\">L&#8217;assemblea generale siamo noi, siete voi\u00a0! Ci riuniamo una volta all&#8217;anno per discutere dell&#8217;associazione, dei suoi conti, dei suoi progetti. E l&#8217;occasione per tutti i membri di incontrarsi, di scambiare le idee e cos\u00ec di decidere del futuro dell&#8217;associazione e del settore. L&#8217;AG elegge un comitato di 7 persone che rappresentano l&#8217;associazione e si occupano tra l&#8217;altro degli affari correnti di essa.<\/div><\/div>\n<p><img loading=\"lazy\" decoding=\"async\" class=\"size-medium wp-image-1697 alignleft\" src=\"https:\/\/www.procirque.ch\/wp-content\/uploads\/2017\/03\/Homme-fort-ProCirque-300x244.png\" alt=\"\" width=\"300\" height=\"244\" srcset=\"https:\/\/procirque.ch\/wp-content\/uploads\/2017\/03\/Homme-fort-ProCirque-300x244.png 300w, https:\/\/procirque.ch\/wp-content\/uploads\/2017\/03\/Homme-fort-ProCirque-768x625.png 768w, https:\/\/procirque.ch\/wp-content\/uploads\/2017\/03\/Homme-fort-ProCirque.png 969w\" sizes=\"auto, (max-width: 300px) 100vw, 300px\" \/><span style=\"color: #ffffff;\">.<\/span><\/p>\n<h2>Insieme siamo\u2028pi\u00f9 forti!<\/h2>\n","protected":false},"excerpt":{"rendered":"<div class=\"mh-excerpt\"><p>. Insieme siamo\u2028pi\u00f9 forti!<\/p>\n<\/div>","protected":false},"author":1,"featured_media":0,"parent":1984,"menu_order":0,"comment_status":"closed","ping_status":"closed","template":"","meta":{"_mc_calendar":[],"footnotes":""},"class_list":["post-2072","page","type-page","status-publish"],"_links":{"self":[{"href":"https:\/\/procirque.ch\/it\/wp-json\/wp\/v2\/pages\/2072\/"}],"collection":[{"href":"https:\/\/procirque.ch\/it\/wp-json\/wp\/v2\/pages\/"}],"about":[{"href":"https:\/\/procirque.ch\/it\/wp-json\/wp\/v2\/types\/page\/"}],"author":[{"embeddable":true,"href":"https:\/\/procirque.ch\/it\/wp-json\/wp\/v2\/users\/1\/"}],"replies":[{"embeddable":true,"href":"https:\/\/procirque.ch\/it\/wp-json\/wp\/v2\/comments\/?post=2072"}],"version-history":[{"count":2,"href":"https:\/\/procirque.ch\/it\/wp-json\/wp\/v2\/pages\/2072\/revisions\/"}],"predecessor-version":[{"id":4733,"href":"https:\/\/procirque.ch\/it\/wp-json\/wp\/v2\/pages\/2072\/revisions\/4733\/"}],"up":[{"embeddable":true,"href":"https:\/\/procirque.ch\/it\/wp-json\/wp\/v2\/pages\/1984\/"}],"wp:attachment":[{"href":"https:\/\/procirque.ch\/it\/wp-json\/wp\/v2\/media\/?parent=2072"}],"curies":[{"name":"wp","href":"https:\/\/api.w.org\/{rel}","templated":true}]}}