{"id":4493,"date":"2021-07-07T22:10:44","date_gmt":"2021-07-07T20:10:44","guid":{"rendered":"https:\/\/procirque.ch\/?page_id=4493"},"modified":"2025-08-14T17:16:40","modified_gmt":"2025-08-14T15:16:40","slug":"la-nuit-du-cirque-ch","status":"publish","type":"page","link":"https:\/\/procirque.ch\/de\/projekte\/la-nuit-du-cirque-ch\/","title":{"rendered":"La Nuit du Cirque &#8211; CH"},"content":{"rendered":"<div class=\"kvgmc6g5 cxmmr5t8 oygrvhab hcukyx3x c1et5uql ii04i59q\">\n<div dir=\"auto\">\n<p><img loading=\"lazy\" decoding=\"async\" class=\"alignnone wp-image-5170 \" src=\"https:\/\/procirque.ch\/wp-content\/uploads\/2022\/09\/NUIT-DU-CIRQUE-LOGO-NOIR.png\" alt=\"\" width=\"466\" height=\"466\" srcset=\"https:\/\/procirque.ch\/wp-content\/uploads\/2022\/09\/NUIT-DU-CIRQUE-LOGO-NOIR.png 2363w, https:\/\/procirque.ch\/wp-content\/uploads\/2022\/09\/NUIT-DU-CIRQUE-LOGO-NOIR-300x300.png 300w, https:\/\/procirque.ch\/wp-content\/uploads\/2022\/09\/NUIT-DU-CIRQUE-LOGO-NOIR-1024x1024.png 1024w, https:\/\/procirque.ch\/wp-content\/uploads\/2022\/09\/NUIT-DU-CIRQUE-LOGO-NOIR-150x150.png 150w, https:\/\/procirque.ch\/wp-content\/uploads\/2022\/09\/NUIT-DU-CIRQUE-LOGO-NOIR-768x768.png 768w, https:\/\/procirque.ch\/wp-content\/uploads\/2022\/09\/NUIT-DU-CIRQUE-LOGO-NOIR-1536x1536.png 1536w, https:\/\/procirque.ch\/wp-content\/uploads\/2022\/09\/NUIT-DU-CIRQUE-LOGO-NOIR-2048x2048.png 2048w\" sizes=\"auto, (max-width: 466px) 100vw, 466px\" \/><\/p>\n<\/div>\n<div dir=\"auto\">\n<div class=\"o9v6fnle cxmmr5t8 oygrvhab hcukyx3x c1et5uql ii04i59q\">\n<div dir=\"auto\">\n<p>Eine <em>breit angelegte<\/em> Veranstaltung, die den Zirkus in all seinen Facetten, in ganz Europa und dar\u00fcber hinaus feiert. La Nuit du Cirque ist ein Herbstwochenende, an welchem w\u00e4hrend drei Tage, fl\u00e4chendeckend, gemeinsam die Vitalit\u00e4t und Vielfalt dieser ausgesprochen popul\u00e4ren und anspruchsvollen Kunstform gefeiert, erlebbar gemacht und ihr Engagement f\u00fcr Gesellschaft und Umwelt sowie ihre interkulturelle und generationen\u00fcbergreifende Dimension hervorgehoben wird.<\/p>\n<\/div>\n<div dir=\"auto\">Indem es die St\u00e4rken der verschiedenen Zirkusnetzwerke auf nationaler und europ\u00e4ischer Ebene f\u00fcr 3 Tage b\u00fcndelt, zeigt es auch die Vielfalt der Formen und \u00c4sthetiken und feiert die Vielfalt und Vitalit\u00e4t des modernen Zirkusschaffens.<\/div>\n<div dir=\"auto\"><\/div>\n<\/div>\n<div class=\"o9v6fnle cxmmr5t8 oygrvhab hcukyx3x c1et5uql ii04i59q\">\n<div dir=\"auto\">&#8222;La Nuit du Cirque&#8220; besteht aus Shows, Performances, Kreationen, Workshops, Treffen, Filmvorf\u00fchrungen und Ausstellungen, in Theatern, unter einem gro\u00dfen Zelt, auf der Stra\u00dfe&#8230; an den international festgelegten Terminen:\u00a0 \u00a014-15-16 November 2025<\/div>\n<div dir=\"auto\"><\/div>\n<\/div>\n<p class=\"p1\"><span class=\"s1\">Bei dieser vierter Schweizer Ausgabe der\u00a0 &#8222;Nuit du Cirque&#8220; sind alle an einer Teilnahme interessierten Strukturen eingeladen. Daf\u00fcr m\u00fcssen sie sich bei der nationalen Koordination anmelden (<a href=\"mailto:lanuitducirque@procirque.ch\">nuitducirque@procirque.ch<\/a>) und an den angegebenen Daten Zirkus programmieren. <\/span><\/p>\n<p>&nbsp;<\/p>\n<div dir=\"auto\"><strong>TEILNEHMER 2025<\/strong><\/div>\n<\/div>\n<\/div>\n<div dir=\"auto\">\n<p>Station Circus, <strong>Basel <\/strong>| Circobello, <strong>La Chaux-De-Fonds, Neuch\u00e2tel | <\/strong>Variet\u00e9 Pav\u00e9, Das Glashaus, <b>R\u00fcssikon | <\/b>Le Spot, <strong>Sion <\/strong>| Circus Monti, <strong>Z\u00fcrich | <\/strong>Zirkusquartier, <strong>Z\u00fcrich\u00a0<\/strong><\/p>\n<p>&nbsp;<\/p>\n<\/div>\n<div dir=\"auto\">Hier finden Sie mehr Informationen: <a href=\"http:\/\/www.lanuitducirque.ch\">www.lanuitducirque.ch\u00a0<\/a><\/div>\n<div dir=\"auto\">und das vollst\u00e4ndige Programm :\u00a0 <a href=\"http:\/\/www.lanuitducirque.com\">www.lanuitducirque.com<\/a><\/div>\n<div dir=\"auto\"><\/div>\n<p>&nbsp;<\/p>\n","protected":false},"excerpt":{"rendered":"<div class=\"mh-excerpt\"><p>Eine breit angelegte Veranstaltung, die den Zirkus in all seinen Facetten, in ganz Europa und dar\u00fcber hinaus feiert. La Nuit du Cirque ist ein Herbstwochenende, an welchem w\u00e4hrend drei Tage, fl\u00e4chendeckend, gemeinsam die Vitalit\u00e4t und <a class=\"mh-excerpt-more\" href=\"https:\/\/procirque.ch\/de\/projekte\/la-nuit-du-cirque-ch\/\" title=\"La Nuit du Cirque &#8211; CH\">[&#8230;]<\/a><\/p>\n<\/div>","protected":false},"author":6,"featured_media":0,"parent":2340,"menu_order":0,"comment_status":"closed","ping_status":"closed","template":"","meta":{"_mc_calendar":[],"footnotes":""},"class_list":["post-4493","page","type-page","status-publish"],"_links":{"self":[{"href":"https:\/\/procirque.ch\/de\/wp-json\/wp\/v2\/pages\/4493\/"}],"collection":[{"href":"https:\/\/procirque.ch\/de\/wp-json\/wp\/v2\/pages\/"}],"about":[{"href":"https:\/\/procirque.ch\/de\/wp-json\/wp\/v2\/types\/page\/"}],"author":[{"embeddable":true,"href":"https:\/\/procirque.ch\/de\/wp-json\/wp\/v2\/users\/6\/"}],"replies":[{"embeddable":true,"href":"https:\/\/procirque.ch\/de\/wp-json\/wp\/v2\/comments\/?post=4493"}],"version-history":[{"count":23,"href":"https:\/\/procirque.ch\/de\/wp-json\/wp\/v2\/pages\/4493\/revisions\/"}],"predecessor-version":[{"id":5958,"href":"https:\/\/procirque.ch\/de\/wp-json\/wp\/v2\/pages\/4493\/revisions\/5958\/"}],"up":[{"embeddable":true,"href":"https:\/\/procirque.ch\/de\/wp-json\/wp\/v2\/pages\/2340\/"}],"wp:attachment":[{"href":"https:\/\/procirque.ch\/de\/wp-json\/wp\/v2\/media\/?parent=4493"}],"curies":[{"name":"wp","href":"https:\/\/api.w.org\/{rel}","templated":true}]}}