{"id":4253,"date":"2020-09-27T09:52:51","date_gmt":"2020-09-27T07:52:51","guid":{"rendered":"https:\/\/procirque.ch\/?page_id=4253"},"modified":"2020-09-27T09:56:51","modified_gmt":"2020-09-27T07:56:51","slug":"procirque-fonds-vernetzung","status":"publish","type":"page","link":"https:\/\/procirque.ch\/de\/projekte\/procirque-fonds-vernetzung\/","title":{"rendered":"ProCirque Fonds f\u00fcr die Vernetzung"},"content":{"rendered":"<h3 style=\"color: #4b7f52;\">ProCirque Fonds f\u00fcr Spezialprojekte \u2028und Vernetzung<\/h3>\n<p>Ziel dieses Fonds ist, Projekte zu unterst\u00fctzen, die zur Vernetzung der Schweizer Zirkusszene beitragen und Zirkusschaffende in der Schweiz einander n\u00e4her bringen. Es soll konkrete Ausgaben unterst\u00fctzen, um spontane Initiativen der ProCirque Mitglieder zu erm\u00f6glichen. Dieser bescheidene Fonds l\u00e4sst die Zahlung von Geh\u00e4ltern nicht zu.<\/p>\n<p>ProCirque Mitglieder k\u00f6nnen jederzeit Unterst\u00fctzung f\u00fcr ihre Projekte beantragen, die den Zielen des Fonds entsprechen. Diese Projekte m\u00fcssen f\u00fcr andere Mitglieder offen und zug\u00e4nglich sein.<\/p>\n<p>Im Prinzip und wenn die GV es f\u00fcr g\u00fcltig erkl\u00e4rt wird f\u00fcr diesen Fonds j\u00e4hrlich ein Betrag von CHF 1\u2019000.- bereitgestellt. Um die Unterst\u00fctzung mehrerer Projekte zu gew\u00e4hrleisten, \u00fcbersteigen die Betr\u00e4ge im Prinzip nicht 500.- pro Projekt.<\/p>\n<p><strong>Haben Sie eine Idee f\u00fcr ein Projekt?<\/strong><br \/>\nBitte beachten Sie unser <a href=\"https:\/\/procirque.ch\/wp-content\/uploads\/2020\/07\/reglement-fonds-procirque.pdf\">Reglement<\/a>. Der Antrag soll per E-Mail an <a href=\"mailto:info@procirque.ch\">info@procirque.ch<\/a>, mit einer kurzen Beschreibung des Projektes, gesendet werden. Der Vorstand freut sich \u00fcber alle Vorschl\u00e4ge!<br \/>\n<span style=\"color: #ffffff;\">.<\/span><\/p>\n<a href=\"https:\/\/procirque.ch\/wp-content\/uploads\/2020\/07\/reglement-fonds-procirque.pdf\" class=\"su-button su-button-style-flat\" style=\"color:#ffffff;background-color:#4b7f52;border-color:#3c6642;border-radius:0px\" target=\"_blank\" rel=\"noopener noreferrer\"><span style=\"color:#ffffff;padding:6px 16px;font-size:13px;line-height:20px;border-color:#81a686;border-radius:0px;text-shadow:0px 0px 0px #000000\"><i class=\"sui sui-download\" style=\"font-size:13px;color:#ffffff\"><\/i> Reglement Fonds ProCirque 2020 (*.pdf)<\/span><\/a>\n","protected":false},"excerpt":{"rendered":"<div class=\"mh-excerpt\"><p>ProCirque Fonds f\u00fcr Spezialprojekte \u2028und Vernetzung Ziel dieses Fonds ist, Projekte zu unterst\u00fctzen, die zur Vernetzung der Schweizer Zirkusszene beitragen und Zirkusschaffende in der Schweiz einander n\u00e4her bringen. Es soll konkrete Ausgaben unterst\u00fctzen, um spontane <a class=\"mh-excerpt-more\" href=\"https:\/\/procirque.ch\/de\/projekte\/procirque-fonds-vernetzung\/\" title=\"ProCirque Fonds f\u00fcr die Vernetzung\">[&#8230;]<\/a><\/p>\n<\/div>","protected":false},"author":1,"featured_media":0,"parent":2340,"menu_order":0,"comment_status":"closed","ping_status":"closed","template":"","meta":{"_mc_calendar":[],"footnotes":""},"class_list":["post-4253","page","type-page","status-publish"],"_links":{"self":[{"href":"https:\/\/procirque.ch\/de\/wp-json\/wp\/v2\/pages\/4253\/"}],"collection":[{"href":"https:\/\/procirque.ch\/de\/wp-json\/wp\/v2\/pages\/"}],"about":[{"href":"https:\/\/procirque.ch\/de\/wp-json\/wp\/v2\/types\/page\/"}],"author":[{"embeddable":true,"href":"https:\/\/procirque.ch\/de\/wp-json\/wp\/v2\/users\/1\/"}],"replies":[{"embeddable":true,"href":"https:\/\/procirque.ch\/de\/wp-json\/wp\/v2\/comments\/?post=4253"}],"version-history":[{"count":2,"href":"https:\/\/procirque.ch\/de\/wp-json\/wp\/v2\/pages\/4253\/revisions\/"}],"predecessor-version":[{"id":4476,"href":"https:\/\/procirque.ch\/de\/wp-json\/wp\/v2\/pages\/4253\/revisions\/4476\/"}],"up":[{"embeddable":true,"href":"https:\/\/procirque.ch\/de\/wp-json\/wp\/v2\/pages\/2340\/"}],"wp:attachment":[{"href":"https:\/\/procirque.ch\/de\/wp-json\/wp\/v2\/media\/?parent=4253"}],"curies":[{"name":"wp","href":"https:\/\/api.w.org\/{rel}","templated":true}]}}