{"id":3069,"date":"2017-08-21T10:55:43","date_gmt":"2017-08-21T08:55:43","guid":{"rendered":"https:\/\/procirque.ch\/?page_id=3069"},"modified":"2019-05-12T14:01:40","modified_gmt":"2019-05-12T12:01:40","slug":"sicherheit-im-zirkus","status":"publish","type":"page","link":"https:\/\/procirque.ch\/de\/nuetzliches\/sicherheit-im-zirkus\/","title":{"rendered":"Sicherheit im Zirkus"},"content":{"rendered":"<div class=\"su-box su-box-style-default\" id=\"\" style=\"border-color:#0c5592;border-radius:0px;max-width:none\"><div class=\"su-box-title\" style=\"background-color:#3f88c5;color:#ffffff;border-top-left-radius:0px;border-top-right-radius:0px\">Arbeitsgruppe<\/div><div class=\"su-box-content su-u-clearfix su-u-trim\" style=\"border-bottom-left-radius:0px;border-bottom-right-radius:0px\">Auf die Initiative einiger Mitglieder von ProCirque hat sich 2017 eine Arbeitsgruppe zum Thema Sicherheit im Zirkus formiert. Um Teil dieser Gruppe zu werden oder mehr Informationen dar\u00fcber zu erhalten, meldet euch bei Jean Charmillot, der f\u00fcr diese Arbeitsgruppe verantwortlich ist: <a href=\"mailto:jean.charmillot@gmail.com\">jean.charmillot@gmail.com<\/a>.<\/div><\/div>\n<p>&nbsp;<\/p>\n<h2>Informationen zum Thema Sicherheit:<\/h2>\n<p><img loading=\"lazy\" decoding=\"async\" class=\"alignright wp-image-2990\" src=\"https:\/\/procirque.ch\/wp-content\/uploads\/2017\/08\/keep-calm-and-work-safe-37.png\" alt=\"\" width=\"263\" height=\"381\" srcset=\"https:\/\/procirque.ch\/wp-content\/uploads\/2017\/08\/keep-calm-and-work-safe-37.png 600w, https:\/\/procirque.ch\/wp-content\/uploads\/2017\/08\/keep-calm-and-work-safe-37-207x300.png 207w\" sizes=\"auto, (max-width: 263px) 100vw, 263px\" \/><strong>Brandschutznormen f\u00fcr Zeltbauten<\/strong><br \/>\nDie Vereinigung Kantonalen Feuerversicherung (VKF) hat ein Merkblatt f\u00fcr den Brandschutz von Zeltbauten ver\u00f6ffentlicht:<br \/>\n<i class=\"fa fa-download\"> <\/i> <a href=\"https:\/\/procirque.ch\/wp-content\/uploads\/2017\/08\/AEAI-normes-incendie-chapiteau-DE.pdf\" target=\"_blank\" rel=\"noopener noreferrer\">Brandschutzmerkblatt \u2013 Zeltbauten fu\u0308r tempora\u0308re Veranstaltungen (PDF)<\/a> \ud83c\udde9\ud83c\uddea<br \/>\n<i class=\"fa fa-download\"> <\/i> <a href=\"https:\/\/procirque.ch\/wp-content\/uploads\/2017\/08\/AEAI-normes-incendie-chapiteau-FR.pdf\" target=\"_blank\" rel=\"noopener noreferrer\">Guide de protection incendie \u2013 Chapiteaux pour manifestations temporaires (PDF)<\/a> \ud83c\uddeb\ud83c\uddf7<\/p>\n<p><strong>Rechte und Pflichten des Arbeitgebers<\/strong><br \/>\nIn der Schweiz ist der Arbeitgeber f\u00fcr die Arbeitssicherheit in den Betrieben verantwortlich. Durch geeignete Sicherheitsmassnahmen hat er daf\u00fcr zu sorgen, dass Leben und Gesundheit der Arbeitnehmenden nicht gef\u00e4hrdet werden. Die SUVA (Schweizerische Unfallversicherungsanstalt) hat die wichtigsten Pflichten des Arbeitgebers zusammengefast. <a href=\"https:\/\/www.suva.ch\/de-ch\/praevention\/sicherheit-mit-system\/rechte-und-pflichten\" target=\"_blank\" rel=\"noopener noreferrer\">suva.ch\/de-ch\/praevention\/sicherheit-mit-system\/rechte-und-pflichten<\/a><\/p>\n<p><strong>FEDEC<\/strong><br \/>\nDie European Federation of Professional Circus Schools (FEDEC) hat ein Handbuch zur Sicherheit&amp;Rigging im Zirkus (Risikomanagement, Sicherheits-Grunds\u00e4tze, Gesetze und Vorschriften, Abst\u00fcrze, Vorgeschriebene Lehrg\u00e4nge) ver\u00f6ffentlicht. Unter folgendem Link ist das Handbuch in mehreren Sprachen erh\u00e4ltlich: <a href=\"http:\/\/www.fedec.eu\/en\/articles\/414-safety-and-rigging\" target=\"_blank\" rel=\"noopener noreferrer\">http:\/\/www.fedec.eu\/en\/articles\/414-safety-and-rigging<\/a><\/p>\n<p><strong>AERISC<\/strong><br \/>\nDie European Association for the Research, Innovation, and Safety of the Circus Arts (AERISC) stellt ebenfalls zahlreiche Dokumente zur Sicherheit im Zirkus (Mementos, technische Dokumente, Dynamische Berechnungen, Normen, Checklisten usw.) zur Verf\u00fcgung. <a href=\"http:\/\/www.aerisc.com\" target=\"_blank\" rel=\"noopener noreferrer\">www.aerisc.com<\/a><\/p>\n<p><strong>HorsLesMurs (France) : Technique et s\u00e9curit\u00e9<\/strong><br \/>\nHorsLesMurs, das centre national fran\u00e7ais de ressources dans le secteur des arts du cirque et de la rue, stellt ebenfalls zahlreiche Dossiers zum Thema Sicherheit im Zirkus zur Verf\u00fcgung. Diese sind jedoch zur Zeit nur auf Franz\u00f6sisch erh\u00e4ltlich. <a href=\"http:\/\/horslesmurs.fr\/accueil\/conseil-formation\/dossiers\/les-dossiers\/technique-securite\/technique-securite\/\" target=\"_blank\" rel=\"noopener noreferrer\">horslesmurs.fr\/accueil\/conseil-formation\/dossiers\/les-dossiers\/technique-securite\/technique-securite<\/a><\/p>\n","protected":false},"excerpt":{"rendered":"<div class=\"mh-excerpt\"><p>&nbsp; Informationen zum Thema Sicherheit: Brandschutznormen f\u00fcr Zeltbauten Die Vereinigung Kantonalen Feuerversicherung (VKF) hat ein Merkblatt f\u00fcr den Brandschutz von Zeltbauten ver\u00f6ffentlicht: Brandschutzmerkblatt \u2013 Zeltbauten fu\u0308r tempora\u0308re Veranstaltungen (PDF) \ud83c\udde9\ud83c\uddea Guide de protection incendie \u2013 <a class=\"mh-excerpt-more\" href=\"https:\/\/procirque.ch\/de\/nuetzliches\/sicherheit-im-zirkus\/\" title=\"Sicherheit im Zirkus\">[&#8230;]<\/a><\/p>\n<\/div>","protected":false},"author":1,"featured_media":2990,"parent":2392,"menu_order":0,"comment_status":"closed","ping_status":"closed","template":"template-full.php","meta":{"_mc_calendar":[],"footnotes":""},"class_list":["post-3069","page","type-page","status-publish","has-post-thumbnail"],"_links":{"self":[{"href":"https:\/\/procirque.ch\/de\/wp-json\/wp\/v2\/pages\/3069\/"}],"collection":[{"href":"https:\/\/procirque.ch\/de\/wp-json\/wp\/v2\/pages\/"}],"about":[{"href":"https:\/\/procirque.ch\/de\/wp-json\/wp\/v2\/types\/page\/"}],"author":[{"embeddable":true,"href":"https:\/\/procirque.ch\/de\/wp-json\/wp\/v2\/users\/1\/"}],"replies":[{"embeddable":true,"href":"https:\/\/procirque.ch\/de\/wp-json\/wp\/v2\/comments\/?post=3069"}],"version-history":[{"count":3,"href":"https:\/\/procirque.ch\/de\/wp-json\/wp\/v2\/pages\/3069\/revisions\/"}],"predecessor-version":[{"id":3680,"href":"https:\/\/procirque.ch\/de\/wp-json\/wp\/v2\/pages\/3069\/revisions\/3680\/"}],"up":[{"embeddable":true,"href":"https:\/\/procirque.ch\/de\/wp-json\/wp\/v2\/pages\/2392\/"}],"wp:featuredmedia":[{"embeddable":true,"href":"https:\/\/procirque.ch\/de\/wp-json\/wp\/v2\/media\/2990\/"}],"wp:attachment":[{"href":"https:\/\/procirque.ch\/de\/wp-json\/wp\/v2\/media\/?parent=3069"}],"curies":[{"name":"wp","href":"https:\/\/api.w.org\/{rel}","templated":true}]}}