{"id":2455,"date":"2017-06-13T16:45:44","date_gmt":"2017-06-13T14:45:44","guid":{"rendered":"https:\/\/www.procirque.ch\/?page_id=2455\/"},"modified":"2024-04-08T12:54:02","modified_gmt":"2024-04-08T10:54:02","slug":"lohnrichtlinien","status":"publish","type":"page","link":"https:\/\/procirque.ch\/de\/nuetzliches\/lohnrichtlinien\/","title":{"rendered":"Lohnrichtlinien"},"content":{"rendered":"<p>In der Schweiz und bis heute gibt es keine Richtlinie in der Zirkusszene. ProCirque empfehlt seine Mitglieder, auf den anderen nationalen Verb\u00e4nden im Bereich Tanz und Theater Bezug zu nehmen (ACT, Danse Suisse, Syndicat Suisse Romand du Spectacle, usw.).<\/p>\n<p>&nbsp;<\/p>\n<p><strong><a href=\"https:\/\/www.tpunkt.ch\/richtloehne\">Richtl\u00f6hne<\/a> und Richthonorare von tpunkt.<\/strong><\/p>\n[\/su_column]\n<div class=\"su-column su-column-size-1-2\"><div class=\"su-column-inner su-u-clearfix su-u-trim\">\n<figure id=\"attachment_2419\" aria-describedby=\"caption-attachment-2419\" style=\"width: 225px\" class=\"wp-caption alignnone\"><a href=\"https:\/\/www.procirque.ch\/wp-content\/uploads\/2017\/06\/ssrs-salaire-minimum.pdf\"><img loading=\"lazy\" decoding=\"async\" class=\"wp-image-2419 size-medium\" src=\"https:\/\/www.procirque.ch\/wp-content\/uploads\/2017\/06\/ssrs-salaire-minimum-225x300.jpg\" alt=\"\" width=\"225\" height=\"300\" srcset=\"https:\/\/procirque.ch\/wp-content\/uploads\/2017\/06\/ssrs-salaire-minimum-225x300.jpg 225w, https:\/\/procirque.ch\/wp-content\/uploads\/2017\/06\/ssrs-salaire-minimum.jpg 300w\" sizes=\"auto, (max-width: 225px) 100vw, 225px\" \/><\/a><figcaption id=\"caption-attachment-2419\" class=\"wp-caption-text\">\ud83c\uddeb\ud83c\uddf7 Syndicat Suisse Romand du Spectacle (SSRS) \u2013\u00a0Salaire minimum<\/figcaption><\/figure>\n<\/div><\/div>\n[\/su_row]\n<div class=\"su-row\">\n<div class=\"su-column su-column-size-1-2\"><div class=\"su-column-inner su-u-clearfix su-u-trim\">\n<figure id=\"attachment_2425\" aria-describedby=\"caption-attachment-2425\" style=\"width: 225px\" class=\"wp-caption alignnone\"><a href=\"https:\/\/www.procirque.ch\/wp-content\/uploads\/2017\/06\/recommandationssalarialesavril2016.pdf\"><img loading=\"lazy\" decoding=\"async\" class=\"wp-image-2425 size-medium\" src=\"https:\/\/www.procirque.ch\/wp-content\/uploads\/2017\/06\/rp-danse-225x300.jpg\" alt=\"\" width=\"225\" height=\"300\" srcset=\"https:\/\/procirque.ch\/wp-content\/uploads\/2017\/06\/rp-danse-225x300.jpg 225w, https:\/\/procirque.ch\/wp-content\/uploads\/2017\/06\/rp-danse.jpg 300w\" sizes=\"auto, (max-width: 225px) 100vw, 225px\" \/><\/a><figcaption id=\"caption-attachment-2425\" class=\"wp-caption-text\">\ud83c\uddeb\ud83c\uddf7 Recommandations salariales pour les danseurs-interpr\u00e8tes en Suisse Romande<\/figcaption><\/figure>\n<\/div><\/div>\n<div class=\"su-column su-column-size-1-2\"><div class=\"su-column-inner su-u-clearfix su-u-trim\">\n<figure id=\"attachment_2423\" aria-describedby=\"caption-attachment-2423\" style=\"width: 225px\" class=\"wp-caption alignnone\"><a href=\"https:\/\/www.procirque.ch\/wp-content\/uploads\/2017\/06\/danse-lehrkraefte.pdf\"><img loading=\"lazy\" decoding=\"async\" class=\"size-medium wp-image-2423\" src=\"https:\/\/www.procirque.ch\/wp-content\/uploads\/2017\/06\/danse-lehrkraefte-225x300.jpg\" alt=\"\" width=\"225\" height=\"300\" srcset=\"https:\/\/procirque.ch\/wp-content\/uploads\/2017\/06\/danse-lehrkraefte-225x300.jpg 225w, https:\/\/procirque.ch\/wp-content\/uploads\/2017\/06\/danse-lehrkraefte.jpg 300w\" sizes=\"auto, (max-width: 225px) 100vw, 225px\" \/><\/a><figcaption id=\"caption-attachment-2423\" class=\"wp-caption-text\">\ud83c\udde9\ud83c\uddea Danse Suisse \u2013\u00a0Tarifempfehlungen und Richtl\u00f6hne f\u00fcr die Lehrkr\u00e4fte<\/figcaption><\/figure>\n<\/div><\/div>\n<\/div>\n<p>&nbsp;<\/p>\n<p>&nbsp;<\/p>\n","protected":false},"excerpt":{"rendered":"<div class=\"mh-excerpt\"><p>In der Schweiz und bis heute gibt es keine Richtlinie in der Zirkusszene. ProCirque empfehlt seine Mitglieder, auf den anderen nationalen Verb\u00e4nden im Bereich Tanz und Theater Bezug zu nehmen (ACT, Danse Suisse, Syndicat Suisse <a class=\"mh-excerpt-more\" href=\"https:\/\/procirque.ch\/de\/nuetzliches\/lohnrichtlinien\/\" title=\"Lohnrichtlinien\">[&#8230;]<\/a><\/p>\n<\/div>","protected":false},"author":1,"featured_media":0,"parent":2392,"menu_order":0,"comment_status":"closed","ping_status":"closed","template":"","meta":{"_mc_calendar":[],"footnotes":""},"class_list":["post-2455","page","type-page","status-publish"],"_links":{"self":[{"href":"https:\/\/procirque.ch\/de\/wp-json\/wp\/v2\/pages\/2455\/"}],"collection":[{"href":"https:\/\/procirque.ch\/de\/wp-json\/wp\/v2\/pages\/"}],"about":[{"href":"https:\/\/procirque.ch\/de\/wp-json\/wp\/v2\/types\/page\/"}],"author":[{"embeddable":true,"href":"https:\/\/procirque.ch\/de\/wp-json\/wp\/v2\/users\/1\/"}],"replies":[{"embeddable":true,"href":"https:\/\/procirque.ch\/de\/wp-json\/wp\/v2\/comments\/?post=2455"}],"version-history":[{"count":6,"href":"https:\/\/procirque.ch\/de\/wp-json\/wp\/v2\/pages\/2455\/revisions\/"}],"predecessor-version":[{"id":5585,"href":"https:\/\/procirque.ch\/de\/wp-json\/wp\/v2\/pages\/2455\/revisions\/5585\/"}],"up":[{"embeddable":true,"href":"https:\/\/procirque.ch\/de\/wp-json\/wp\/v2\/pages\/2392\/"}],"wp:attachment":[{"href":"https:\/\/procirque.ch\/de\/wp-json\/wp\/v2\/media\/?parent=2455"}],"curies":[{"name":"wp","href":"https:\/\/api.w.org\/{rel}","templated":true}]}}