{"id":2401,"date":"2016-05-10T14:53:47","date_gmt":"2016-05-10T12:53:47","guid":{"rendered":"https:\/\/www.procirque.ch\/?page_id=2401\/"},"modified":"2017-06-13T14:45:10","modified_gmt":"2017-06-13T12:45:10","slug":"kolloquium-2016","status":"publish","type":"page","link":"https:\/\/procirque.ch\/de\/nuetzliches\/kolloquium-2016\/","title":{"rendered":"Kolloquium zeitgen\u00f6ssischer Zirkus (2016)"},"content":{"rendered":"<p><iframe loading=\"lazy\" src=\"https:\/\/www.youtube.com\/embed\/6HvI6SmkcX8?rel=0&amp;showinfo=0\" width=\"560\" height=\"315\" frameborder=\"0\" allowfullscreen=\"allowfullscreen\"><\/iframe><\/p>\n<p><strong>ProCirque, der Schweizerische Berufsverband f\u00fcr Zirkusschaffende, organisierte zusammen mit cirqu\u2019Aarau im Rahmen des Festivals cirqu\u20185 am 24. Juni 2016 ein Kolloquium zum Thema zeitgen\u00f6ssischen Zirkus.<\/strong><\/p>\n<p>Der zeitgen\u00f6ssische Zirkus \u2013 auf internationaler Ebene seit L\u00e4ngerem etabliert und erfolgreich \u2013 gewinnt auch in der Schweiz langsam an Boden: Veranstaltungsorte \u00f6ffnen ihm die Pforten (z.B. Station Circus in Basel, Alte Reithalle in Aarau, diverse Theater in der Romandie), Festivals entstehen (z.B. Gadjo in Winterthur, cirqu\u2018 in Aarau).<\/p>\n<p>Dies wurde als Anlass genommen, das vielf\u00e4ltige Ph\u00e4nomen \u201ezeitgen\u00f6ssischer Zirkus\u201c kulturellen Institutionen und Akteuren n\u00e4her zu bringen. Am Kolloquium vertreten waren unter anderem verschiedene st\u00e4dtische und kantonale Kulturdepartemente, Pro Helvetia, die SSA (Societ\u00e9 Suisse des Auteurs), das Aargauer Kuratorium, Corodis und das Radio SRF2. Zu Referaten eingeladen waren Roman M\u00fcller, k\u00fcnstlerischer Leiter Festival cirqu\u2019, der franz\u00f6sische Zirkusexperte Jean-Michel Guy, Jacques Cordonier, Chef der Dienststelle Kultur Wallis, Peter-Jakob Kelting, Leiter des Theaters Tuchlaube Aarau, sowie Sarah Simili, Pr\u00e4sidentin der FSEC\/VSZS (Verband schweizerischer Zirkusschulen).<\/p>\n<p>Der Abschluss bildeten die Produktionen <em>4&#215;4: Ephemeral Architectures<\/em> der englischen Gandini Juggling sowie <em>Un cirque plus juste<\/em> und <em>Une s\u00e9ance peu ordinaire<\/em> des finnischen Soloartisten Jani Nuutinen.<\/p>\n<p><a href=\"https:\/\/www.procirque.ch\/wp-content\/uploads\/2016\/10\/Kolloquium-2016.pdf\"><img loading=\"lazy\" decoding=\"async\" class=\"aligncenter size-full wp-image-1052\" src=\"https:\/\/www.procirque.ch\/wp-content\/uploads\/2016\/10\/Kolloquium-2016-cover.png\" alt=\"Kolloquium - Colloque - Colloquio 2016\" width=\"280\" height=\"363\" srcset=\"https:\/\/procirque.ch\/wp-content\/uploads\/2016\/10\/Kolloquium-2016-cover.png 280w, https:\/\/procirque.ch\/wp-content\/uploads\/2016\/10\/Kolloquium-2016-cover-231x300.png 231w\" sizes=\"auto, (max-width: 280px) 100vw, 280px\" \/><\/a><\/p>\n<hr \/>\n<p><img loading=\"lazy\" decoding=\"async\" class=\"aligncenter wp-image-2398 size-large\" src=\"https:\/\/www.procirque.ch\/wp-content\/uploads\/2016\/05\/kolloquium-2016-bilder-731x1024.jpg\" alt=\"\" width=\"731\" height=\"1024\" srcset=\"https:\/\/procirque.ch\/wp-content\/uploads\/2016\/05\/kolloquium-2016-bilder-731x1024.jpg 731w, https:\/\/procirque.ch\/wp-content\/uploads\/2016\/05\/kolloquium-2016-bilder-214x300.jpg 214w, https:\/\/procirque.ch\/wp-content\/uploads\/2016\/05\/kolloquium-2016-bilder-768x1075.jpg 768w, https:\/\/procirque.ch\/wp-content\/uploads\/2016\/05\/kolloquium-2016-bilder.jpg 1000w\" sizes=\"auto, (max-width: 731px) 100vw, 731px\" \/><\/p>\n","protected":false},"excerpt":{"rendered":"<div class=\"mh-excerpt\"><p>ProCirque, der Schweizerische Berufsverband f\u00fcr Zirkusschaffende, organisierte zusammen mit cirqu\u2019Aarau im Rahmen des Festivals cirqu\u20185 am 24. Juni 2016 ein Kolloquium zum Thema zeitgen\u00f6ssischen Zirkus. Der zeitgen\u00f6ssische Zirkus \u2013 auf internationaler Ebene seit L\u00e4ngerem etabliert <a class=\"mh-excerpt-more\" href=\"https:\/\/procirque.ch\/de\/nuetzliches\/kolloquium-2016\/\" title=\"Kolloquium zeitgen\u00f6ssischer Zirkus (2016)\">[&#8230;]<\/a><\/p>\n<\/div>","protected":false},"author":1,"featured_media":2398,"parent":2392,"menu_order":0,"comment_status":"closed","ping_status":"closed","template":"","meta":{"_mc_calendar":[],"footnotes":""},"class_list":["post-2401","page","type-page","status-publish","has-post-thumbnail"],"_links":{"self":[{"href":"https:\/\/procirque.ch\/de\/wp-json\/wp\/v2\/pages\/2401\/"}],"collection":[{"href":"https:\/\/procirque.ch\/de\/wp-json\/wp\/v2\/pages\/"}],"about":[{"href":"https:\/\/procirque.ch\/de\/wp-json\/wp\/v2\/types\/page\/"}],"author":[{"embeddable":true,"href":"https:\/\/procirque.ch\/de\/wp-json\/wp\/v2\/users\/1\/"}],"replies":[{"embeddable":true,"href":"https:\/\/procirque.ch\/de\/wp-json\/wp\/v2\/comments\/?post=2401"}],"version-history":[{"count":2,"href":"https:\/\/procirque.ch\/de\/wp-json\/wp\/v2\/pages\/2401\/revisions\/"}],"predecessor-version":[{"id":2403,"href":"https:\/\/procirque.ch\/de\/wp-json\/wp\/v2\/pages\/2401\/revisions\/2403\/"}],"up":[{"embeddable":true,"href":"https:\/\/procirque.ch\/de\/wp-json\/wp\/v2\/pages\/2392\/"}],"wp:featuredmedia":[{"embeddable":true,"href":"https:\/\/procirque.ch\/de\/wp-json\/wp\/v2\/media\/2398\/"}],"wp:attachment":[{"href":"https:\/\/procirque.ch\/de\/wp-json\/wp\/v2\/media\/?parent=2401"}],"curies":[{"name":"wp","href":"https:\/\/api.w.org\/{rel}","templated":true}]}}