{"id":2337,"date":"2017-05-10T12:45:18","date_gmt":"2017-05-10T10:45:18","guid":{"rendered":"https:\/\/www.procirque.ch\/?page_id=2337\/"},"modified":"2021-04-14T14:52:06","modified_gmt":"2021-04-14T12:52:06","slug":"thementag-kulturjournalisten-2017","status":"publish","type":"page","link":"https:\/\/procirque.ch\/de\/projekte\/thementag-kulturjournalisten-2017\/","title":{"rendered":"Thementag f\u00fcr Kulturjournalisten"},"content":{"rendered":"<p style=\"text-align: center;\"><img loading=\"lazy\" decoding=\"async\" class=\"size-full wp-image-2335 aligncenter\" src=\"https:\/\/www.procirque.ch\/wp-content\/uploads\/2017\/06\/logos-procirque-cirqu.png\" alt=\"\" width=\"450\" height=\"75\" srcset=\"https:\/\/procirque.ch\/wp-content\/uploads\/2017\/06\/logos-procirque-cirqu.png 450w, https:\/\/procirque.ch\/wp-content\/uploads\/2017\/06\/logos-procirque-cirqu-300x50.png 300w\" sizes=\"auto, (max-width: 450px) 100vw, 450px\" \/><\/p>\n<p style=\"text-align: center;\"><span style=\"color: #008080;\"><strong>\u00ab Schreiben \u00fcber Zeitgen\u00f6ssischen Zirkus \u00bb<br \/>\nThementag f\u00fcr Kulturjournalisten und -journalistinnen, 23. Juni 2017<br \/>\nIm Rahmen von <em>cirqu\u2019 \u2013 Festival f\u00fcr aktuelle Zirkuskunst in Aarau<\/em>.<br \/>\n<\/strong><\/span><\/p>\n<p><strong>Vom 16.-25. Juni findet <em>cirqu\u2019 \u2013 das Festival f\u00fcr aktuelle Zirkuskunst \u2013 <\/em>in Aarau statt. Das qualitativ hochstehende Programm des internationalen Festivals m\u00f6chten wir als Anlass nehmen, um Ihnen als Kulturjournalisten und -journalistinnen das Ph\u00e4nomen <em>zeitgen\u00f6ssischer Zirkus <\/em>n\u00e4her zu bringen. Es ist unser Anliegen, Ihnen Einblick in die \u00e4sthetische Vielfalt dieser spannenden Mischung verschiedener k\u00fcnstlerischer Genres zu erm\u00f6glichen.<\/strong><\/p>\n<p>Dazu laden wir am 23. Juni den franz\u00f6sischen Experten Jean Michel Guy f\u00fcr eine thematische Einf\u00fchrung ein. Anschliessend stehen verschiedene Inszenierungen auf dem Programm.<\/p>\n<p><iframe loading=\"lazy\" src=\"https:\/\/www.youtube.com\/embed\/Lyab6R5vWD0\" width=\"853\" height=\"480\" frameborder=\"0\" allowfullscreen=\"allowfullscreen\"><\/iframe><\/p>\n<p><strong>Teaser zum Programm: <a href=\"https:\/\/youtu.be\/Lyab6R5vWD0\">https:\/\/youtu.be\/Lyab6R5vWD0<\/a>.<\/strong><br \/>\n<strong>Informationen zum Festivalprogramm: <a href=\"http:\/\/www.cirquaarau.ch\/\">www.cirquaarau.ch<\/a>.<\/strong><\/p>\n<p>Das Ziel dieses Tages ist nicht die Berichterstattung, sondern die Auseinandersetzung mit dem Gesehenen und die Diskussion mit anderen Medienschaffenden und K\u00fcnstlern.<\/p>\n<h2>Zu Jean Michel Guy<\/h2>\n<p>Soziologe, Autor und Regisseur. Er unterrichtet Analyse critique et esth\u00e9tique an Zirkusschulen in Frankreich und ist <em>Ing\u00e9nieur de recherche 1\u00e8re classe <\/em>am<em> D\u00e9partement des \u00e9tudes, de la prospective et des statistiques du minist\u00e8re de la culture et de la communication<\/em>. Seit den Anf\u00e4ngen des zeitgen\u00f6ssischen Zirkus in Frankreich widmet sich Jean-Michel Guy dieser Kunstform. Als Forscher im franz\u00f6sischen Kulturministerium publiziert er zahlreiche Werke \u00fcber die Entwicklung des zeitgen\u00f6ssischen Zirkus in Frankreich und Europa und war von 2004\u20132012 Pr\u00e4sident der Jury von CircusNext, dem europ\u00e4ischen F\u00f6rderprogramm f\u00fcr junge AutorInnen im Bereich Zirkus.<\/p>\n<h3><em>Esth\u00e9tiques du cirque contemporain<\/em><\/h3>\n<p>Der zeitgen\u00f6ssische Zirkus hebt sich durch seine grosse Diversit\u00e4t und seine vielf\u00e4ltigen Inspirationsquellen hervor. Als Erbe des um 1968 in Erscheinung getretenen Nouveau Cirque stellt der zeitgen\u00f6ssische Zirkus die Schaffung neuer Formen und Inhalte in den Mittelpunkt.<\/p>\n<p>Als generelle Tendenzen des zeitgen\u00f6ssischen Zirkus lassen sich folgende Entwicklungen benennen: Die Verbreitung monodisziplin\u00e4rer (auf einer einzigen zirzensischen Disziplin beruhenden) Kreationen, die Bevorzugung der B\u00fchnen gegen\u00fcber dem Zelt als Spielort, die Wichtigkeit des Inhaltes sowie die Vermischung mit anderen Kunstformen. Aber allem voran ist es die wachsende Vielfalt der Formate, der Spielsituationen, der Kompositionsprinzipien und der Arbeitsmethoden, die den zeitgen\u00f6ssischen Zirkus vorw\u00e4rts bringen. Anhand von 30 ausgew\u00e4hlten Ausschnitten aus verschiedenen Inszenierungen zeigt Jean Michel Guy die Vielfalt und die sprudelnde Vitalit\u00e4t dieser Kunstform auf.<\/p>\n<h2><span style=\"color: #008080;\">Anmeldung<\/span><\/h2>\n<p>Anmeldung bei ProCirque : <a href=\"mailto:info@procirque.ch\">info@procirque.ch<\/a>.<br \/>\nMehr Infos : Stefan Hort, Pr\u00e4sident ProCirque, <a href=\"mailto:stef@procirque.ch\">stef@procirque.ch<\/a><\/p>\n","protected":false},"excerpt":{"rendered":"<div class=\"mh-excerpt\"><p>\u00ab Schreiben \u00fcber Zeitgen\u00f6ssischen Zirkus \u00bb Thementag f\u00fcr Kulturjournalisten und -journalistinnen, 23. Juni 2017 Im Rahmen von cirqu\u2019 \u2013 Festival f\u00fcr aktuelle Zirkuskunst in Aarau. Vom 16.-25. Juni findet cirqu\u2019 \u2013 das Festival f\u00fcr aktuelle <a class=\"mh-excerpt-more\" href=\"https:\/\/procirque.ch\/de\/projekte\/thementag-kulturjournalisten-2017\/\" title=\"Thementag f\u00fcr Kulturjournalisten\">[&#8230;]<\/a><\/p>\n<\/div>","protected":false},"author":1,"featured_media":0,"parent":2340,"menu_order":0,"comment_status":"closed","ping_status":"closed","template":"","meta":{"_mc_calendar":[],"footnotes":""},"class_list":["post-2337","page","type-page","status-publish"],"_links":{"self":[{"href":"https:\/\/procirque.ch\/de\/wp-json\/wp\/v2\/pages\/2337\/"}],"collection":[{"href":"https:\/\/procirque.ch\/de\/wp-json\/wp\/v2\/pages\/"}],"about":[{"href":"https:\/\/procirque.ch\/de\/wp-json\/wp\/v2\/types\/page\/"}],"author":[{"embeddable":true,"href":"https:\/\/procirque.ch\/de\/wp-json\/wp\/v2\/users\/1\/"}],"replies":[{"embeddable":true,"href":"https:\/\/procirque.ch\/de\/wp-json\/wp\/v2\/comments\/?post=2337"}],"version-history":[{"count":4,"href":"https:\/\/procirque.ch\/de\/wp-json\/wp\/v2\/pages\/2337\/revisions\/"}],"predecessor-version":[{"id":2552,"href":"https:\/\/procirque.ch\/de\/wp-json\/wp\/v2\/pages\/2337\/revisions\/2552\/"}],"up":[{"embeddable":true,"href":"https:\/\/procirque.ch\/de\/wp-json\/wp\/v2\/pages\/2340\/"}],"wp:attachment":[{"href":"https:\/\/procirque.ch\/de\/wp-json\/wp\/v2\/media\/?parent=2337"}],"curies":[{"name":"wp","href":"https:\/\/api.w.org\/{rel}","templated":true}]}}