{"id":2089,"date":"2014-01-01T07:50:13","date_gmt":"2014-01-01T06:50:13","guid":{"rendered":"https:\/\/www.procirque.ch\/?page_id=2089\/"},"modified":"2017-06-13T12:22:13","modified_gmt":"2017-06-13T10:22:13","slug":"anmeldeformular","status":"publish","type":"page","link":"https:\/\/procirque.ch\/de\/mitglieder\/anmeldeformular\/","title":{"rendered":"Mitglied werden!"},"content":{"rendered":"<div class=\"su-box su-box-style-default\" id=\"\" style=\"border-color:#bbbbbb;border-radius:3px;max-width:none\"><div class=\"su-box-title\" style=\"background-color:#eeeeee;color:#000000;border-top-left-radius:1px;border-top-right-radius:1px\">Drei einfache Schritte zur Anmeldung:<\/div><div class=\"su-box-content su-u-clearfix su-u-trim\" style=\"border-bottom-left-radius:1px;border-bottom-right-radius:1px\"><div class=\"su-list\" style=\"margin-left:0px\">\n<ul>\n<li><i class=\"sui sui-caret-right\" style=\"color:#c1272d\"><\/i> <strong>Schritt 1<\/strong> : Informieren Sie sich \u00fcber <a href=\"https:\/\/www.procirque.ch\/de\/mitglieder\/beitrittsmoeglichkeiten\/\">die verschiedenen Beitrittsm\u00f6glichkeiten<\/a> und, falls erforderlich, lesen Sie unser <a href=\"https:\/\/www.procirque.ch\/de\/mitglieder\/faq\/\">FAQ \u2013\u00a0H\u00e4ufig gestellte Fragen<\/a>.<\/li>\n<li><i class=\"sui sui-caret-right\" style=\"color:#c1272d\"><\/i> <strong>Schritt 2<\/strong> : F\u00fcllen Sie das Anmeldeformular aus. Sie erhalten in den n\u00e4chsten Minuten eine Best\u00e4tigung mit den Angaben um ihren Mitgliederbeitrag zahlen zu k\u00f6nnen. Sie k\u00f6nnen auch mit Kreditkarten oder PayPal bezahlen.<\/li>\n<li><i class=\"sui sui-caret-right\" style=\"color:#c1272d\"><\/i> <strong>Schritt 3<\/strong> : Sobald Ihre Zahlung erfolgt ist, werden Sie offizielles Mitglied des Verbands und Sie profitieren von allen Vorteilen der Mitgliedschaft bei ProCirque!<\/li>\n<\/ul>\n<\/div><\/div><\/div>\n<p>&#8212;<\/p>\n<h2><strong>Anmeldeformular :<\/strong><\/h2>\n\n                <div class='gf_browser_gecko gform_wrapper' id='gform_wrapper_6' style='display:none'><form method='post' enctype='multipart\/form-data'  id='gform_6'  action='\/de\/wp-json\/wp\/v2\/pages\/2089\/'>\n                        <div class='gform_body'><ul id='gform_fields_6' class='gform_fields left_label form_sublabel_below description_below'><li id='field_6_1'  class='gfield gfield_contains_required field_sublabel_below field_description_below gfield_visibility_visible' ><label class='gfield_label' for='input_6_1' >Art des Beitritts<span class='gfield_required'>*<\/span><\/label><div class='ginput_container ginput_container_select'><select name='input_1' id='input_6_1' onchange='gf_apply_rules(6,[4,16,2,3,33,22,35,14,10,9,11,23,15,25,27,30]);' class='medium gfield_select'   aria-required=\"true\" aria-invalid=\"false\"><option value='Aktivmitglied' selected='selected'>Aktivmitglied<\/option><option value='Institutionelles Mitglied' >Institutionelles Mitglied<\/option><option value='Unterst\u00fctzungsmitglied' >Unterst\u00fctzungsmitglied<\/option><\/select><\/div><\/li><li id='field_6_4'  class='gfield gfield_contains_required field_sublabel_below field_description_below gfield_visibility_visible' ><label class='gfield_label' for='input_6_4' >Institution \/ Struktur<span class='gfield_required'>*<\/span><\/label><div class='ginput_container ginput_container_text'><input name='input_4' id='input_6_4' type='text' value='' class='medium'     aria-required=\"true\" aria-invalid=\"false\" \/><\/div><\/li><li id='field_6_16'  class='gfield gfield_contains_required field_sublabel_below field_description_below gfield_visibility_visible' ><label class='gfield_label' for='input_6_16' >Anrede<span class='gfield_required'>*<\/span><\/label><div class='ginput_container ginput_container_text'><input name='input_16' id='input_6_16' type='text' value='' class='medium'    placeholder='Frau \/ Herr \/ ...' aria-required=\"true\" aria-invalid=\"false\" \/><\/div><\/li><li id='field_6_2'  class='gfield gfield_contains_required field_sublabel_below field_description_below gfield_visibility_visible' ><label class='gfield_label' for='input_6_2' >Name<span class='gfield_required'>*<\/span><\/label><div class='ginput_container ginput_container_text'><input name='input_2' id='input_6_2' type='text' value='' class='medium'     aria-required=\"true\" aria-invalid=\"false\" \/><\/div><\/li><li id='field_6_3'  class='gfield gfield_contains_required field_sublabel_below field_description_below gfield_visibility_visible' ><label class='gfield_label' for='input_6_3' >Vorname<span class='gfield_required'>*<\/span><\/label><div class='ginput_container ginput_container_text'><input name='input_3' id='input_6_3' type='text' value='' class='medium'     aria-required=\"true\" aria-invalid=\"false\" \/><\/div><\/li><li id='field_6_33'  class='gfield field_sublabel_below field_description_below gfield_visibility_visible' ><label class='gfield_label' for='input_6_33' >Compagnie \/ Verein<\/label><div class='ginput_container ginput_container_text'><input name='input_33' id='input_6_33' type='text' value='' class='medium'      aria-invalid=\"false\" \/><\/div><\/li><li id='field_6_5'  class='gfield gfield_contains_required field_sublabel_below field_description_below gfield_visibility_visible' ><label class='gfield_label' for='input_6_5' >Anschrift (Strasse)<span class='gfield_required'>*<\/span><\/label><div class='ginput_container ginput_container_text'><input name='input_5' id='input_6_5' type='text' value='' class='medium'     aria-required=\"true\" aria-invalid=\"false\" \/><\/div><\/li><li id='field_6_8'  class='gfield field_sublabel_below field_description_below gfield_visibility_visible' ><label class='gfield_label' for='input_6_8' >Anschrift (Erg\u00e4nzung)<\/label><div class='ginput_container ginput_container_text'><input name='input_8' id='input_6_8' type='text' value='' class='medium'      aria-invalid=\"false\" \/><\/div><\/li><li id='field_6_6'  class='gfield gfield_contains_required field_sublabel_below field_description_below gfield_visibility_visible' ><label class='gfield_label' for='input_6_6' >Postleitzahl<span class='gfield_required'>*<\/span><\/label><div class='ginput_container ginput_container_text'><input name='input_6' id='input_6_6' type='text' value='' class='small'     aria-required=\"true\" aria-invalid=\"false\" \/><\/div><\/li><li id='field_6_7'  class='gfield gfield_contains_required field_sublabel_below field_description_below gfield_visibility_visible' ><label class='gfield_label' for='input_6_7' >Ort<span class='gfield_required'>*<\/span><\/label><div class='ginput_container ginput_container_text'><input name='input_7' id='input_6_7' type='text' value='' class='medium'     aria-required=\"true\" aria-invalid=\"false\" \/><\/div><\/li><li id='field_6_34'  class='gfield gfield_contains_required field_sublabel_below field_description_below gfield_visibility_visible' ><label class='gfield_label' for='input_6_34' >Land<span class='gfield_required'>*<\/span><\/label><div class='ginput_container ginput_container_text'><input name='input_34' id='input_6_34' type='text' value='' class='medium'     aria-required=\"true\" aria-invalid=\"false\" \/><\/div><\/li><li id='field_6_22'  class='gfield gfield_contains_required field_sublabel_below field_description_below gfield_visibility_visible' ><label class='gfield_label' for='input_6_22' >Geburtsdatum<span class='gfield_required'>*<\/span><\/label><div class='ginput_container ginput_container_date'>\n                            <input name='input_22' id='input_6_22' type='text' value='' class='datepicker medium dmy_dot datepicker_with_icon'   placeholder='jj.mm.aaaa'\/>\n                        <\/div>\n                        <input type='hidden' id='gforms_calendar_icon_input_6_22' class='gform_hidden' value='https:\/\/procirque.ch\/wp-content\/plugins\/gravityforms\/images\/calendar.png'\/><\/li><li id='field_6_35'  class='gfield gfield_contains_required field_sublabel_below field_description_below gfield_visibility_visible' ><label class='gfield_label' for='input_6_35' >Staatsangeh\u00f6rigkeit<span class='gfield_required'>*<\/span><\/label><div class='ginput_container ginput_container_text'><input name='input_35' id='input_6_35' type='text' value='' class='medium'     aria-required=\"true\" aria-invalid=\"false\" \/><\/div><\/li><li id='field_6_14'  class='gfield gfield_contains_required field_sublabel_below field_description_below gfield_visibility_visible' ><label class='gfield_label' for='input_6_14' >Telefon-Nr.<span class='gfield_required'>*<\/span><\/label><div class='ginput_container ginput_container_phone'><input name='input_14' id='input_6_14' type='tel' value='' class='medium'   placeholder='+41' aria-required=\"true\" aria-invalid=\"false\" \/><\/div><\/li><li id='field_6_29'  class='gfield field_sublabel_below field_description_below gfield_visibility_visible' ><label class='gfield_label' for='input_6_29' >Internet Seite<\/label><div class='ginput_container ginput_container_website'>\n                    <input name='input_29' id='input_6_29' type='url' value='' class='medium'     placeholder='http:\/\/'  aria-invalid=\"false\"\/>\n                <\/div><\/li><li id='field_6_10'  class='gfield gfield_html gfield_html_formatted gfield_no_follows_desc field_sublabel_below field_description_below gfield_visibility_visible' ><strong>Ansprechpartner<\/strong><\/li><li id='field_6_9'  class='gfield gfield_contains_required field_sublabel_below field_description_below gfield_visibility_visible' ><label class='gfield_label' for='input_6_9' >Name<span class='gfield_required'>*<\/span><\/label><div class='ginput_container ginput_container_text'><input name='input_9' id='input_6_9' type='text' value='' class='medium'     aria-required=\"true\" aria-invalid=\"false\" \/><\/div><\/li><li id='field_6_11'  class='gfield gfield_contains_required field_sublabel_below field_description_below gfield_visibility_visible' ><label class='gfield_label' for='input_6_11' >Vorname<span class='gfield_required'>*<\/span><\/label><div class='ginput_container ginput_container_text'><input name='input_11' id='input_6_11' type='text' value='' class='medium'     aria-required=\"true\" aria-invalid=\"false\" \/><\/div><\/li><li id='field_6_23'  class='gfield gfield_contains_required field_sublabel_below field_description_below gfield_visibility_visible' ><label class='gfield_label' for='input_6_23' >Funktion<span class='gfield_required'>*<\/span><\/label><div class='ginput_container ginput_container_text'><input name='input_23' id='input_6_23' type='text' value='' class='medium'     aria-required=\"true\" aria-invalid=\"false\" \/><\/div><\/li><li id='field_6_15'  class='gfield gfield_contains_required field_sublabel_below field_description_below gfield_visibility_visible' ><label class='gfield_label' for='input_6_15' >Telefon-Nr.<span class='gfield_required'>*<\/span><\/label><div class='ginput_container ginput_container_phone'><input name='input_15' id='input_6_15' type='tel' value='' class='medium'   placeholder='+41' aria-required=\"true\" aria-invalid=\"false\" \/><\/div><\/li><li id='field_6_25'  class='gfield gfield_contains_required field_sublabel_below field_description_below gfield_visibility_visible' ><label class='gfield_label' for='input_6_25' >E-mail<span class='gfield_required'>*<\/span><\/label><div class='ginput_container ginput_container_email'>\n                            <input name='input_25' id='input_6_25' type='email' value='' class='medium'     aria-required=\"true\" aria-invalid=\"false\"\/>\n                        <\/div><\/li><li id='field_6_27'  class='gfield gfield_contains_required field_sublabel_below field_description_below gfield_visibility_visible' ><label class='gfield_label' for='input_6_27' >Beruf<span class='gfield_required'>*<\/span><\/label><div class='ginput_container ginput_container_text'><input name='input_27' id='input_6_27' type='text' value='' class='medium'     aria-required=\"true\" aria-invalid=\"false\" \/><\/div><\/li><li id='field_6_30'  class='gfield field_sublabel_below field_description_below gfield_visibility_visible' ><label class='gfield_label' for='input_6_30' >Lebenslauf<\/label><div class='ginput_container ginput_container_fileupload'><input type='hidden' name='MAX_FILE_SIZE' value='9437184' \/><input name='input_30' id='input_6_30' type='file' class='medium' aria-describedby='extensions_message_6_30' onchange='javascript:gformValidateFileSize( this, 9437184 );'  \/><span id='extensions_message_6_30' class='screen-reader-text'><\/span><div class='validation_message'><\/div><\/div><div class='gfield_description'>Um Ihre Professionalit\u00e4t zu best\u00e4tigen, k\u00f6nnen Sie uns auch Ihren Lebenslauf senden (optional).<\/div><\/li><li id='field_6_31'  class='gfield field_sublabel_below field_description_below gfield_visibility_visible' ><label class='gfield_label' for='input_6_31' >Kommentar \/ Bemerkung<\/label><div class='ginput_container ginput_container_textarea'><textarea name='input_31' id='input_6_31' class='textarea medium'     aria-invalid=\"false\"   rows='10' cols='50'><\/textarea><\/div><\/li><li id='field_6_32'  class='gfield field_sublabel_below field_description_below gfield_visibility_visible' ><label class='gfield_label' for='input_6_32' >Spracheinstellung<\/label><div class='ginput_container ginput_container_select'><select name='input_32' id='input_6_32'  class='medium gfield_select'    aria-invalid=\"false\"><option value='\ud83c\udde9\ud83c\uddea Deutsch' selected='selected'>\ud83c\udde9\ud83c\uddea Deutsch<\/option><option value='\ud83c\uddeb\ud83c\uddf7 Fran\u00e7ais' >\ud83c\uddeb\ud83c\uddf7 Fran\u00e7ais<\/option><option value='\ud83c\uddee\ud83c\uddf9 Italiano' >\ud83c\uddee\ud83c\uddf9 Italiano<\/option><\/select><\/div><\/li><li id='field_6_36'  class='gfield gform_validation_container field_sublabel_below field_description_below gfield_visibility_visible' ><label class='gfield_label' for='input_6_36' >Phone<\/label><div class='ginput_container'><input name='input_36' id='input_6_36' type='text' value='' autocomplete='off'\/><\/div><div class='gfield_description'>Dieses Feld dient zur Validierung und sollte nicht ver\u00e4ndert werden.<\/div><\/li>\n                            <\/ul><\/div>\n        <div class='gform_footer left_label'> <input type='submit' id='gform_submit_button_6' class='gform_button button' value='Sich anmelden'  onclick='if(window[\"gf_submitting_6\"]){return false;}  if( !jQuery(\"#gform_6\")[0].checkValidity || jQuery(\"#gform_6\")[0].checkValidity()){window[\"gf_submitting_6\"]=true;}  ' onkeypress='if( event.keyCode == 13 ){ if(window[\"gf_submitting_6\"]){return false;} if( !jQuery(\"#gform_6\")[0].checkValidity || jQuery(\"#gform_6\")[0].checkValidity()){window[\"gf_submitting_6\"]=true;}  jQuery(\"#gform_6\").trigger(\"submit\",[true]); }' \/> \n            <input type='hidden' class='gform_hidden' name='is_submit_6' value='1' \/>\n            <input type='hidden' class='gform_hidden' name='gform_submit' value='6' \/>\n            \n            <input type='hidden' class='gform_hidden' name='gform_unique_id' value='' \/>\n            <input type='hidden' class='gform_hidden' name='state_6' value='WyJbXSIsImUyN2RkZjVmMDEyMjQ0ZWFlZDBhZmI5ZWJjZjQ5ODgzIl0=' \/>\n            <input type='hidden' class='gform_hidden' name='gform_target_page_number_6' id='gform_target_page_number_6' value='0' \/>\n            <input type='hidden' class='gform_hidden' name='gform_source_page_number_6' id='gform_source_page_number_6' value='1' \/>\n            <input type='hidden' name='gform_field_values' value='' \/>\n            \n        <\/div>\n                        <p style=\"display: none !important;\" class=\"akismet-fields-container\" data-prefix=\"ak_\"><label>&#916;<textarea name=\"ak_hp_textarea\" cols=\"45\" rows=\"8\" maxlength=\"100\"><\/textarea><\/label><input type=\"hidden\" id=\"ak_js_1\" name=\"ak_js\" value=\"4\"\/><script type=\"text\/javascript\">\n\/* <![CDATA[ *\/\ndocument.getElementById( \"ak_js_1\" ).setAttribute( \"value\", ( new Date() ).getTime() );\n\/* ]]> *\/\n<\/script>\n<\/p><\/form>\n                        <\/div><script type='text\/javascript'> if(typeof gf_global == 'undefined') var gf_global = {\"gf_currency_config\":{\"name\":\"Schweizer Franken\",\"symbol_left\":\"CHF\",\"symbol_right\":\"\",\"symbol_padding\":\" \",\"thousand_separator\":\"'\",\"decimal_separator\":\".\",\"decimals\":2,\"symbol_old\":\"Fr.\"},\"base_url\":\"https:\\\/\\\/procirque.ch\\\/wp-content\\\/plugins\\\/gravityforms\",\"number_formats\":[],\"spinnerUrl\":\"https:\\\/\\\/procirque.ch\\\/wp-content\\\/plugins\\\/gravityforms\\\/images\\\/spinner.gif\"};jQuery(document).bind('gform_post_render', function(event, formId, currentPage){if(formId == 6) {gf_global[\"number_formats\"][6] = {\"1\":{\"price\":false,\"value\":false},\"4\":{\"price\":false,\"value\":false},\"16\":{\"price\":false,\"value\":false},\"2\":{\"price\":false,\"value\":false},\"3\":{\"price\":false,\"value\":false},\"33\":{\"price\":false,\"value\":false},\"5\":{\"price\":false,\"value\":false},\"8\":{\"price\":false,\"value\":false},\"6\":{\"price\":false,\"value\":false},\"7\":{\"price\":false,\"value\":false},\"34\":{\"price\":false,\"value\":false},\"22\":{\"price\":false,\"value\":false},\"35\":{\"price\":false,\"value\":false},\"14\":{\"price\":false,\"value\":false},\"29\":{\"price\":false,\"value\":false},\"10\":{\"price\":false,\"value\":false},\"9\":{\"price\":false,\"value\":false},\"11\":{\"price\":false,\"value\":false},\"23\":{\"price\":false,\"value\":false},\"15\":{\"price\":false,\"value\":false},\"25\":{\"price\":false,\"value\":false},\"27\":{\"price\":false,\"value\":false},\"30\":{\"price\":false,\"value\":false},\"31\":{\"price\":false,\"value\":false},\"32\":{\"price\":false,\"value\":false},\"36\":{\"price\":false,\"value\":false}};if(window['jQuery']){if(!window['gf_form_conditional_logic'])window['gf_form_conditional_logic'] = new Array();window['gf_form_conditional_logic'][6] = { logic: { 4: {\"field\":{\"actionType\":\"show\",\"logicType\":\"all\",\"rules\":[{\"fieldId\":\"1\",\"operator\":\"is\",\"value\":\"Institutionelles Mitglied\"}]},\"nextButton\":null,\"section\":null},16: {\"field\":{\"actionType\":\"show\",\"logicType\":\"all\",\"rules\":[{\"fieldId\":\"1\",\"operator\":\"isnot\",\"value\":\"Institutionelles Mitglied\"}]},\"nextButton\":null,\"section\":null},2: {\"field\":{\"actionType\":\"show\",\"logicType\":\"all\",\"rules\":[{\"fieldId\":\"1\",\"operator\":\"isnot\",\"value\":\"Institutionelles Mitglied\"}]},\"nextButton\":null,\"section\":null},3: {\"field\":{\"actionType\":\"show\",\"logicType\":\"all\",\"rules\":[{\"fieldId\":\"1\",\"operator\":\"isnot\",\"value\":\"Institutionelles Mitglied\"}]},\"nextButton\":null,\"section\":null},33: {\"field\":{\"actionType\":\"show\",\"logicType\":\"all\",\"rules\":[{\"fieldId\":\"1\",\"operator\":\"is\",\"value\":\"Aktivmitglied\"}]},\"nextButton\":null,\"section\":null},22: {\"field\":{\"actionType\":\"show\",\"logicType\":\"all\",\"rules\":[{\"fieldId\":\"1\",\"operator\":\"isnot\",\"value\":\"Institutionelles Mitglied\"}]},\"nextButton\":null,\"section\":null},35: {\"field\":{\"actionType\":\"show\",\"logicType\":\"all\",\"rules\":[{\"fieldId\":\"1\",\"operator\":\"is\",\"value\":\"Aktivmitglied\"}]},\"nextButton\":null,\"section\":null},14: {\"field\":{\"actionType\":\"show\",\"logicType\":\"all\",\"rules\":[{\"fieldId\":\"1\",\"operator\":\"is\",\"value\":\"Institutionelles Mitglied\"}]},\"nextButton\":null,\"section\":null},10: {\"field\":{\"actionType\":\"show\",\"logicType\":\"all\",\"rules\":[{\"fieldId\":\"1\",\"operator\":\"is\",\"value\":\"Institutionelles Mitglied\"}]},\"nextButton\":null,\"section\":null},9: {\"field\":{\"actionType\":\"show\",\"logicType\":\"all\",\"rules\":[{\"fieldId\":\"1\",\"operator\":\"is\",\"value\":\"Institutionelles Mitglied\"}]},\"nextButton\":null,\"section\":null},11: {\"field\":{\"actionType\":\"show\",\"logicType\":\"all\",\"rules\":[{\"fieldId\":\"1\",\"operator\":\"is\",\"value\":\"Institutionelles Mitglied\"}]},\"nextButton\":null,\"section\":null},23: {\"field\":{\"actionType\":\"show\",\"logicType\":\"all\",\"rules\":[{\"fieldId\":\"1\",\"operator\":\"is\",\"value\":\"Institutionelles Mitglied\"}]},\"nextButton\":null,\"section\":null},15: {\"field\":{\"actionType\":\"show\",\"logicType\":\"all\",\"rules\":[{\"fieldId\":\"1\",\"operator\":\"is\",\"value\":\"Institutionelles Mitglied\"}]},\"nextButton\":null,\"section\":null},25: {\"field\":{\"actionType\":\"show\",\"logicType\":\"all\",\"rules\":[{\"fieldId\":\"1\",\"operator\":\"is\",\"value\":\"Institutionelles Mitglied\"}]},\"nextButton\":null,\"section\":null},27: {\"field\":{\"actionType\":\"show\",\"logicType\":\"all\",\"rules\":[{\"fieldId\":\"1\",\"operator\":\"is\",\"value\":\"Aktivmitglied\"}]},\"nextButton\":null,\"section\":null},30: {\"field\":{\"actionType\":\"show\",\"logicType\":\"all\",\"rules\":[{\"fieldId\":\"1\",\"operator\":\"is\",\"value\":\"Aktivmitglied\"}]},\"nextButton\":null,\"section\":null} }, dependents: { 4: [4],16: [16],2: [2],3: [3],33: [33],22: [22],35: [35],14: [14],10: [10],9: [9],11: [11],23: [23],15: [15],25: [25],27: [27],30: [30] }, animation: 1, defaults: {\"1\":\"Aktivmitglied\",\"32\":\"\\ud83c\\udde9\\ud83c\\uddea Deutsch\"}, fields: {\"1\":[4,16,2,3,33,22,35,14,10,9,11,23,15,25,27,30],\"4\":[],\"16\":[],\"2\":[],\"3\":[],\"33\":[],\"5\":[],\"8\":[],\"6\":[],\"7\":[],\"34\":[],\"22\":[],\"35\":[],\"14\":[],\"29\":[],\"10\":[],\"9\":[],\"11\":[],\"23\":[],\"15\":[],\"25\":[],\"27\":[],\"30\":[],\"31\":[],\"32\":[],\"36\":[]} }; if(!window['gf_number_format'])window['gf_number_format'] = 'decimal_comma';jQuery(document).ready(function(){gf_apply_rules(6, [4,16,2,3,33,22,35,14,10,9,11,23,15,25,27,30], true);jQuery('#gform_wrapper_6').show();jQuery(document).trigger('gform_post_conditional_logic', [6, null, true]);} );} if(typeof Placeholders != 'undefined'){\n                        Placeholders.enable();\n                    }} } );jQuery(document).bind('gform_post_conditional_logic', function(event, formId, fields, isInit){} );<\/script><script type='text\/javascript'> jQuery(document).ready(function(){jQuery(document).trigger('gform_post_render', [6, 1]) } ); <\/script>\n","protected":false},"excerpt":{"rendered":"<div class=\"mh-excerpt\"><p>&#8212; Anmeldeformular :<\/p>\n<\/div>","protected":false},"author":1,"featured_media":0,"parent":1981,"menu_order":0,"comment_status":"closed","ping_status":"closed","template":"","meta":{"_mc_calendar":[],"footnotes":""},"class_list":["post-2089","page","type-page","status-publish"],"_links":{"self":[{"href":"https:\/\/procirque.ch\/de\/wp-json\/wp\/v2\/pages\/2089\/"}],"collection":[{"href":"https:\/\/procirque.ch\/de\/wp-json\/wp\/v2\/pages\/"}],"about":[{"href":"https:\/\/procirque.ch\/de\/wp-json\/wp\/v2\/types\/page\/"}],"author":[{"embeddable":true,"href":"https:\/\/procirque.ch\/de\/wp-json\/wp\/v2\/users\/1\/"}],"replies":[{"embeddable":true,"href":"https:\/\/procirque.ch\/de\/wp-json\/wp\/v2\/comments\/?post=2089"}],"version-history":[{"count":3,"href":"https:\/\/procirque.ch\/de\/wp-json\/wp\/v2\/pages\/2089\/revisions\/"}],"predecessor-version":[{"id":2315,"href":"https:\/\/procirque.ch\/de\/wp-json\/wp\/v2\/pages\/2089\/revisions\/2315\/"}],"up":[{"embeddable":true,"href":"https:\/\/procirque.ch\/de\/wp-json\/wp\/v2\/pages\/1981\/"}],"wp:attachment":[{"href":"https:\/\/procirque.ch\/de\/wp-json\/wp\/v2\/media\/?parent=2089"}],"curies":[{"name":"wp","href":"https:\/\/api.w.org\/{rel}","templated":true}]}}