{"id":2074,"date":"2014-01-01T07:49:48","date_gmt":"2014-01-01T06:49:48","guid":{"rendered":"https:\/\/www.procirque.ch\/?page_id=2074\/"},"modified":"2022-04-05T07:07:55","modified_gmt":"2022-04-05T05:07:55","slug":"beitrittsmoeglichkeiten","status":"publish","type":"page","link":"https:\/\/procirque.ch\/de\/mitglieder\/beitrittsmoeglichkeiten\/","title":{"rendered":"Beitrittsm\u00f6glichkeiten"},"content":{"rendered":"<p>Es gibt drei M\u00f6glichkeiten eines Mitglied unseres Verbands zu werden :<\/p>\n<div class=\"su-tabs su-tabs-style-default su-tabs-mobile-stack\" data-active=\"1\" data-scroll-offset=\"0\" data-anchor-in-url=\"no\"><div class=\"su-tabs-nav\"><span class=\"\" data-url=\"\" data-target=\"blank\" tabindex=\"0\" role=\"button\"><strong>\u00bb AKTIVMITGLIED<\/strong><\/span><span class=\"\" data-url=\"\" data-target=\"blank\" tabindex=\"0\" role=\"button\"><strong>\u00bb INSTITUTIONELLES MITGLIED<\/strong><\/span><span class=\"\" data-url=\"\" data-target=\"blank\" tabindex=\"0\" role=\"button\"><strong>\u00bb UNTERST\u00dcTZUNGSMITGLIED<\/strong><\/span><\/div><div class=\"su-tabs-panes\"><div class=\"su-tabs-pane su-u-clearfix su-u-trim\" data-title=\"&lt;strong&gt;\u00bb AKTIVMITGLIED&lt;\/strong&gt;\">F\u00fcr professionelle Zirkusschaffende (Artist, Regisseur, Techniker, K\u00fcnstlerische Leitung, Musiker, Manager etc.). Aktivmitglieder m\u00fcssen ihre Berufst\u00e4tigkeit mit einem Lebenslauf best\u00e4tigen.<\/p>\n<p>Mitgliederbeitrag : <strong>ab 50.- SFr.<\/strong> pro Jahr<br \/>\n<div class=\"su-spoiler su-spoiler-style-default su-spoiler-icon-arrow-circle-2 su-spoiler-closed\" data-scroll-offset=\"0\" data-anchor-in-url=\"no\"><div class=\"su-spoiler-title\" tabindex=\"0\" role=\"button\"><span class=\"su-spoiler-icon\"><\/span>Hinweis f\u00fcr die Begr\u00fcndung der Professionalit\u00e4t:<\/div><div class=\"su-spoiler-content su-u-clearfix su-u-trim\">Professionelle\/r Kunstschaffende\/r ist, wer mindestens zwei der folgenden Kriterien erf\u00fcllt :<br \/>\n&#8211; Ausbildung : er\/sie verf\u00fcgt \u00fcber eine anerkannten akademischen oder professionellen Abschluss im entsprechenden Bereich.<br \/>\n&#8211; Erfahrung : er\/sie zeichnet sich durch eine professionnelle Erfahrung in seinem\/ihrem Bereich aus, was sich durch eine bezahlte regelm\u00e4ssige T\u00e4tigkeit in anerannten professionellen Kulturinstitutionen und Netzwerken ausdr\u00fcckt.<br \/>\n&#8211; Professionnelles Umfeld : er\/sie wird von den Gruppen, die sein\/ihr Umfeld ausmachen, anerkannt.<br \/>\n<\/div><\/div>\n<\/div>\n<div class=\"su-tabs-pane su-u-clearfix su-u-trim\" data-title=\"&lt;strong&gt;\u00bb INSTITUTIONELLES MITGLIED&lt;\/strong&gt;\">F\u00fcr Zirkus-Kompagnien, Theater, andere Auff\u00fchrungsorte, sowie alle Organismen die in Verbindung zur schweizerischen Zirkusbranche stehen.<\/p>\n<p>Mitgliederbeitrag kleinere Institutionen : <strong>ab 100.- SFr.<\/strong> pro Jahr<\/p>\n<p>Mitgliederbeitrag gr\u00f6ssere Institutionen : <strong>ab 200.- SFr.<\/strong> pro Jahr<\/p>\n<p>Die Institutionen sollen selber entscheiden, welcher\u00a0 Kategorie sie zugeh\u00f6ren. Die Einteilung erfolgt nicht \u00fcber ProCirque.<\/div>\n<div class=\"su-tabs-pane su-u-clearfix su-u-trim\" data-title=\"&lt;strong&gt;\u00bb UNTERST\u00dcTZUNGSMITGLIED&lt;\/strong&gt;\">F\u00fcr alle nat\u00fcrlichen Personen, die den Verband und seine Ziele unterst\u00fctzen m\u00f6chten.<\/p>\n<p>Mitgliederbeitrag : <strong>mind. 50 SFr.<\/strong> pro Jahr<\/div><\/div><\/div>\n<a href=\"http:\/\/..\/faq\" class=\"su-button su-button-style-flat\" style=\"color:#000000;background-color:#efefef;border-color:#c0c0c0;border-radius:0px\" target=\"_self\"><span style=\"color:#000000;padding:6px 16px;font-size:13px;line-height:20px;border-color:#f4f4f4;border-radius:0px;text-shadow:none\"><i class=\"sui sui-question-circle\" style=\"font-size:13px;color:#43a83c\"><\/i> H\u00e4ufig gestellte Fragen<\/span><\/a>\n<p>&nbsp;<\/p>\n<h3><strong>Gr\u00fcnde ein Mitglied von ProCirque zu werden :<\/strong><\/h3>\n<div class=\"su-list\" style=\"margin-left:0px\">\n<ul>\n<li><i class=\"sui sui-check\" style=\"color:#43a83c\"><\/i> Sie unterst\u00fctzen die Entwicklung und die Anerkennung der Zirkus Kunst in der Schweiz.<\/li>\n<li><i class=\"sui sui-check\" style=\"color:#43a83c\"><\/i> Sie werden auf der Mitgliederliste unserer Website namentlich erw\u00e4hnt.<\/li>\n<li><i class=\"sui sui-check\" style=\"color:#43a83c\"><\/i> Sie k\u00f6nnen an Weiterbildungskursen und Workshops zu einem vorteilhaften Preis teilnehmen (das Kursangebot ist noch in Bearbeitung).<\/li>\n<li><i class=\"sui sui-check\" style=\"color:#43a83c\"><\/i> Auf Anfrage, bekommen Sie kostenlose Exemplare des Schweizer Zirkusverzeichnisses.<\/li>\n<li><i class=\"sui sui-check\" style=\"color:#43a83c\"><\/i> Sie erhalten regelm\u00e4ssig die Newsletter von ProCirque in denen die aktuellen Infos zur Zirkusbranche enthalten in. Mitglieder k\u00f6nnen diesen Newsletter ebenfalls benutzen um Mitteilungen zu streuen.<\/li>\n<li><i class=\"sui sui-check\" style=\"color:#43a83c\"><\/i> Sie zeigen ihre Zugeh\u00f6rigkeit zu einem Verband von professionellen Zirkusschaffenden.<\/li>\n<li><i class=\"sui sui-check\" style=\"color:#43a83c\"><\/i> Sie k\u00f6nnen an der j\u00e4hrlichen Generalversammlung teilnehmen und somit \u00fcber die Zukunft und Entwicklung der Zirkusk\u00fcnste in der Schweiz entscheiden!<\/li>\n<\/ul>\n<\/div>\n<a href=\"http:\/\/..\/anmeldeformular\" class=\"su-button su-button-style-flat\" style=\"color:#000000;background-color:#efefef;border-color:#c0c0c0;border-radius:0px\" target=\"_self\"><span style=\"color:#000000;padding:6px 16px;font-size:13px;line-height:20px;border-color:#f4f4f4;border-radius:0px;text-shadow:none\"><i class=\"sui sui-arrow-right\" style=\"font-size:13px;color:#43a83c\"><\/i> <strong>Melden Sie sich hier an!<\/strong><\/span><\/a>\n","protected":false},"excerpt":{"rendered":"<div class=\"mh-excerpt\"><p>Es gibt drei M\u00f6glichkeiten eines Mitglied unseres Verbands zu werden : &nbsp; Gr\u00fcnde ein Mitglied von ProCirque zu werden :<\/p>\n<\/div>","protected":false},"author":1,"featured_media":0,"parent":1981,"menu_order":0,"comment_status":"closed","ping_status":"closed","template":"","meta":{"_mc_calendar":[],"footnotes":""},"class_list":["post-2074","page","type-page","status-publish"],"_links":{"self":[{"href":"https:\/\/procirque.ch\/de\/wp-json\/wp\/v2\/pages\/2074\/"}],"collection":[{"href":"https:\/\/procirque.ch\/de\/wp-json\/wp\/v2\/pages\/"}],"about":[{"href":"https:\/\/procirque.ch\/de\/wp-json\/wp\/v2\/types\/page\/"}],"author":[{"embeddable":true,"href":"https:\/\/procirque.ch\/de\/wp-json\/wp\/v2\/users\/1\/"}],"replies":[{"embeddable":true,"href":"https:\/\/procirque.ch\/de\/wp-json\/wp\/v2\/comments\/?post=2074"}],"version-history":[{"count":8,"href":"https:\/\/procirque.ch\/de\/wp-json\/wp\/v2\/pages\/2074\/revisions\/"}],"predecessor-version":[{"id":4721,"href":"https:\/\/procirque.ch\/de\/wp-json\/wp\/v2\/pages\/2074\/revisions\/4721\/"}],"up":[{"embeddable":true,"href":"https:\/\/procirque.ch\/de\/wp-json\/wp\/v2\/pages\/1981\/"}],"wp:attachment":[{"href":"https:\/\/procirque.ch\/de\/wp-json\/wp\/v2\/media\/?parent=2074"}],"curies":[{"name":"wp","href":"https:\/\/api.w.org\/{rel}","templated":true}]}}